{"id":784,"date":"2020-02-09T17:29:01","date_gmt":"2020-02-09T16:29:01","guid":{"rendered":"https:\/\/controlpresencial.eu\/wordpress\/?page_id=784"},"modified":"2020-04-27T09:31:56","modified_gmt":"2020-04-27T07:31:56","slug":"video-tutoriales","status":"publish","type":"page","link":"https:\/\/controlpresencial.eu\/web\/video-tutoriales\/","title":{"rendered":"Videos"},"content":{"rendered":"\n<p style=\"color:#007e33\" class=\"has-text-color has-medium-font-size\"><strong>CANAL DE YOUTUBE<\/strong><\/p>\n\n\n\n<p><a href=\"https:\/\/www.youtube.com\/channel\/UCw8tbSDmTsiKoVpNnjjUtYA\" class=\"aioseop-link\">https:\/\/www.youtube.com\/channel\/UCw8tbSDmTsiKoVpNnjjUtYA<\/a><\/p>\n\n\n\n<hr class=\"wp-block-coblocks-dynamic-separator has-background is-style-fullwidth\" style=\"color:#007e33;height:20px\"\/>\n\n\n\n<p style=\"color:#007e33\" class=\"has-text-color has-medium-font-size\"><strong>INTRODUCCI\u00d3N<\/strong><\/p>\n\n\n\n<p>Breve resumen sobre nuestra plataforma y sus 3 aplicaciones.<\/p>\n\n\n\n<div class=\"wp-block-advgb-video advgb-video-block full-width advgb-video-lightbox\" data-video=\"https:\/\/www.youtube.com\/embed\/ouJzPPtSsKo?rel=0&amp;wmode=transparent\" data-source=\"youtube\" data-video-attr=\"controls,playsinline\" data-video-preload=\"metadata\"><div class=\"advgb-video-wrapper full-width\" style=\"background-color:#EEEEEE\"><div class=\"advgb-video-poster\" style=\"background-image:url(https:\/\/i.ytimg.com\/vi\/ouJzPPtSsKo\/hqdefault.jpg)\"><\/div><div class=\"advgb-button-wrapper\" style=\"height:450px\"><div class=\"advgb-play-button\" style=\"color:#cf2e2e\"><svg xmlns=\"http:\/\/www.w3.org\/2000\/svg\" width=\"100\" height=\"100\" viewbox=\"0 0 24 24\"><path d=\"M0 0h24v24H0z\" fill=\"none\"><\/path><path d=\"M12 2C6.48 2 2 6.48 2 12s4.48 10 10 10 10-4.48 10-10S17.52 2 12 2zm-2 14.5v-9l6 4.5-6 4.5z\"><\/path><\/svg><\/div><\/div><\/div><\/div>\n\n\n\n<p><\/p>\n\n\n\n<hr class=\"wp-block-coblocks-dynamic-separator has-background is-style-fullwidth\" style=\"color:#007e33;height:20px\"\/>\n\n\n\n<p style=\"color:#007e33\" class=\"has-text-color has-medium-font-size\"><strong>INSTALACI\u00d3N DE LAS APLICACIONES<\/strong><\/p>\n\n\n\n<p>Se muestra como instalar las aplicaciones en los diferentes dispositivos.<\/p>\n\n\n\n<div class=\"wp-block-advgb-video advgb-video-block full-width advgb-video-lightbox\" data-video=\"https:\/\/www.youtube.com\/embed\/s60pTfPp-lA?rel=0&amp;wmode=transparent\" data-source=\"youtube\" data-video-attr=\"controls,playsinline\" data-video-preload=\"metadata\"><div class=\"advgb-video-wrapper full-width\" style=\"background-color:#EEEEEE\"><div class=\"advgb-video-poster\" style=\"background-image:url(https:\/\/i.ytimg.com\/vi\/s60pTfPp-lA\/hqdefault.jpg)\"><\/div><div class=\"advgb-button-wrapper\" style=\"height:450px\"><div class=\"advgb-play-button\" style=\"color:#cf2e2e\"><svg xmlns=\"http:\/\/www.w3.org\/2000\/svg\" width=\"100\" height=\"100\" viewbox=\"0 0 24 24\"><path d=\"M0 0h24v24H0z\" fill=\"none\"><\/path><path d=\"M12 2C6.48 2 2 6.48 2 12s4.48 10 10 10 10-4.48 10-10S17.52 2 12 2zm-2 14.5v-9l6 4.5-6 4.5z\"><\/path><\/svg><\/div><\/div><\/div><\/div>\n\n\n\n<hr class=\"wp-block-coblocks-dynamic-separator has-background is-style-fullwidth\" style=\"color:#007e33;height:20px\"\/>\n\n\n\n<p style=\"color:#007e33\" class=\"has-text-color has-medium-font-size\"><strong>APLICACI\u00d3N DE EMPRESA<\/strong><\/p>\n\n\n\n<p>\u00bfC\u00f3mo funciona la aplicaci\u00f3n de EMPRESA?<\/p>\n\n\n\n<div class=\"wp-block-advgb-video advgb-video-block full-width advgb-video-lightbox\" data-video=\"https:\/\/www.youtube.com\/embed\/KpeePT-6_1Q?rel=0&amp;wmode=transparent\" data-source=\"youtube\" data-video-attr=\"controls,playsinline\" data-video-preload=\"metadata\"><div class=\"advgb-video-wrapper full-width\" style=\"background-color:#EEEEEE\"><div class=\"advgb-video-poster\" style=\"background-image:url(https:\/\/i.ytimg.com\/vi\/KpeePT-6_1Q\/hqdefault.jpg)\"><\/div><div class=\"advgb-button-wrapper\" style=\"height:450px\"><div class=\"advgb-play-button\" style=\"color:#cf2e2e\"><svg xmlns=\"http:\/\/www.w3.org\/2000\/svg\" width=\"100\" height=\"100\" viewbox=\"0 0 24 24\"><path d=\"M0 0h24v24H0z\" fill=\"none\"><\/path><path d=\"M12 2C6.48 2 2 6.48 2 12s4.48 10 10 10 10-4.48 10-10S17.52 2 12 2zm-2 14.5v-9l6 4.5-6 4.5z\"><\/path><\/svg><\/div><\/div><\/div><\/div>\n\n\n\n<hr class=\"wp-block-coblocks-dynamic-separator has-background is-style-fullwidth\" style=\"color:#007e33;height:20px\"\/>\n\n\n\n<p style=\"color:#007e33\" class=\"has-text-color has-medium-font-size\"><strong>APLICACI\u00d3N DE EMPLEADOS<\/strong><\/p>\n\n\n\n<p>\u00bfC\u00f3mo funciona la aplicaci\u00f3n de fichajes de los EMPLEADOS?<\/p>\n\n\n\n<div class=\"wp-block-advgb-video advgb-video-block full-width advgb-video-lightbox\" data-video=\"https:\/\/www.youtube.com\/embed\/rCqnCLatQV0?rel=0&amp;wmode=transparent\" data-source=\"youtube\" data-video-attr=\"controls,playsinline\" data-video-preload=\"metadata\"><div class=\"advgb-video-wrapper full-width\" style=\"background-color:#EEEEEE\"><div class=\"advgb-video-poster\" style=\"background-image:url(https:\/\/i.ytimg.com\/vi\/rCqnCLatQV0\/hqdefault.jpg)\"><\/div><div class=\"advgb-button-wrapper\" style=\"height:450px\"><div class=\"advgb-play-button\" style=\"color:#cf2e2e\"><svg xmlns=\"http:\/\/www.w3.org\/2000\/svg\" width=\"100\" height=\"100\" viewbox=\"0 0 24 24\"><path d=\"M0 0h24v24H0z\" fill=\"none\"><\/path><path d=\"M12 2C6.48 2 2 6.48 2 12s4.48 10 10 10 10-4.48 10-10S17.52 2 12 2zm-2 14.5v-9l6 4.5-6 4.5z\"><\/path><\/svg><\/div><\/div><\/div><\/div>\n\n\n\n<hr class=\"wp-block-coblocks-dynamic-separator has-background is-style-fullwidth\" style=\"color:#007e33;height:20px\"\/>\n\n\n\n<p style=\"color:#007e33\" class=\"has-text-color has-medium-font-size\"><strong>APLICACI\u00d3N QUIOSCO DE FICHAJES<\/strong><\/p>\n\n\n\n<p>\u00bfC\u00f3mo funciona la aplicaci\u00f3n QUIOSCO de fichajes?<\/p>\n\n\n\n<div class=\"wp-block-advgb-video advgb-video-block full-width advgb-video-lightbox\" data-video=\"https:\/\/www.youtube.com\/embed\/VjlC7m353V8?rel=0&amp;wmode=transparent\" data-source=\"youtube\" data-video-attr=\"controls,playsinline\" data-video-preload=\"metadata\"><div class=\"advgb-video-wrapper full-width\" style=\"background-color:#EEEEEE\"><div class=\"advgb-video-poster\" style=\"background-image:url(https:\/\/i.ytimg.com\/vi\/VjlC7m353V8\/hqdefault.jpg)\"><\/div><div class=\"advgb-button-wrapper\" style=\"height:450px\"><div class=\"advgb-play-button\" style=\"color:#cf2e2e\"><svg xmlns=\"http:\/\/www.w3.org\/2000\/svg\" width=\"100\" height=\"100\" viewbox=\"0 0 24 24\"><path d=\"M0 0h24v24H0z\" fill=\"none\"><\/path><path d=\"M12 2C6.48 2 2 6.48 2 12s4.48 10 10 10 10-4.48 10-10S17.52 2 12 2zm-2 14.5v-9l6 4.5-6 4.5z\"><\/path><\/svg><\/div><\/div><\/div><\/div>\n","protected":false},"excerpt":{"rendered":"<p>CANAL DE YOUTUBE https:\/\/www.youtube.com\/channel\/UCw8tbSDmTsiKoVpNnjjUtYA INTRODUCCI\u00d3N Breve resumen sobre nuestra plataforma y sus 3 aplicaciones. INSTALACI\u00d3N DE LAS APLICACIONES Se muestra como instalar las aplicaciones en los diferentes dispositivos. APLICACI\u00d3N DE &#8230;<\/p>\n","protected":false},"author":1,"featured_media":0,"parent":0,"menu_order":0,"comment_status":"closed","ping_status":"closed","template":"","meta":{"_coblocks_attr":"","_coblocks_dimensions":"","_coblocks_responsive_height":"","_coblocks_accordion_ie_support":"","inline_featured_image":false,"_uag_custom_page_level_css":"","advgb_blocks_editor_width":"","advgb_blocks_columns_visual_guide":"","_monsterinsights_skip_tracking":false,"_monsterinsights_sitenote_active":false,"_monsterinsights_sitenote_note":"","_monsterinsights_sitenote_category":0,"footnotes":""},"class_list":["post-784","page","type-page","status-publish","hentry"],"yoast_head":"<!-- This site is optimized with the Yoast SEO plugin v27.5 - https:\/\/yoast.com\/product\/yoast-seo-wordpress\/ -->\n<title>Videos - CONTROLPRESENCIAL.EU<\/title>\n<meta name=\"robots\" content=\"index, follow, max-snippet:-1, max-image-preview:large, max-video-preview:-1\" \/>\n<link rel=\"canonical\" href=\"https:\/\/controlpresencial.eu\/web\/video-tutoriales\/\" \/>\n<meta property=\"og:locale\" content=\"es_ES\" \/>\n<meta property=\"og:type\" content=\"article\" \/>\n<meta property=\"og:title\" content=\"Videos - CONTROLPRESENCIAL.EU\" \/>\n<meta property=\"og:description\" content=\"CANAL DE YOUTUBE https:\/\/www.youtube.com\/channel\/UCw8tbSDmTsiKoVpNnjjUtYA INTRODUCCI\u00d3N Breve resumen sobre nuestra plataforma y sus 3 aplicaciones. INSTALACI\u00d3N DE LAS APLICACIONES Se muestra como instalar las aplicaciones en los diferentes dispositivos. APLICACI\u00d3N DE ...\" \/>\n<meta property=\"og:url\" content=\"https:\/\/controlpresencial.eu\/web\/video-tutoriales\/\" \/>\n<meta property=\"og:site_name\" content=\"CONTROLPRESENCIAL.EU\" \/>\n<meta property=\"article:modified_time\" content=\"2020-04-27T07:31:56+00:00\" \/>\n<meta name=\"twitter:card\" content=\"summary_large_image\" \/>\n<script type=\"application\/ld+json\" class=\"yoast-schema-graph\">{\"@context\":\"https:\\\/\\\/schema.org\",\"@graph\":[{\"@type\":\"WebPage\",\"@id\":\"https:\\\/\\\/controlpresencial.eu\\\/web\\\/video-tutoriales\\\/\",\"url\":\"https:\\\/\\\/controlpresencial.eu\\\/web\\\/video-tutoriales\\\/\",\"name\":\"Videos - CONTROLPRESENCIAL.EU\",\"isPartOf\":{\"@id\":\"https:\\\/\\\/controlpresencial.eu\\\/web\\\/#website\"},\"datePublished\":\"2020-02-09T16:29:01+00:00\",\"dateModified\":\"2020-04-27T07:31:56+00:00\",\"breadcrumb\":{\"@id\":\"https:\\\/\\\/controlpresencial.eu\\\/web\\\/video-tutoriales\\\/#breadcrumb\"},\"inLanguage\":\"es\",\"potentialAction\":[{\"@type\":\"ReadAction\",\"target\":[\"https:\\\/\\\/controlpresencial.eu\\\/web\\\/video-tutoriales\\\/\"]}]},{\"@type\":\"BreadcrumbList\",\"@id\":\"https:\\\/\\\/controlpresencial.eu\\\/web\\\/video-tutoriales\\\/#breadcrumb\",\"itemListElement\":[{\"@type\":\"ListItem\",\"position\":1,\"name\":\"Portada\",\"item\":\"https:\\\/\\\/controlpresencial.eu\\\/web\\\/\"},{\"@type\":\"ListItem\",\"position\":2,\"name\":\"Videos\"}]},{\"@type\":\"WebSite\",\"@id\":\"https:\\\/\\\/controlpresencial.eu\\\/web\\\/#website\",\"url\":\"https:\\\/\\\/controlpresencial.eu\\\/web\\\/\",\"name\":\"CONTROLPRESENCIAL.EU\",\"description\":\"Control de Presencial\",\"publisher\":{\"@id\":\"https:\\\/\\\/controlpresencial.eu\\\/web\\\/#organization\"},\"potentialAction\":[{\"@type\":\"SearchAction\",\"target\":{\"@type\":\"EntryPoint\",\"urlTemplate\":\"https:\\\/\\\/controlpresencial.eu\\\/web\\\/?s={search_term_string}\"},\"query-input\":{\"@type\":\"PropertyValueSpecification\",\"valueRequired\":true,\"valueName\":\"search_term_string\"}}],\"inLanguage\":\"es\"},{\"@type\":\"Organization\",\"@id\":\"https:\\\/\\\/controlpresencial.eu\\\/web\\\/#organization\",\"name\":\"CONTROLPRESENCIAL.EU\",\"url\":\"https:\\\/\\\/controlpresencial.eu\\\/web\\\/\",\"logo\":{\"@type\":\"ImageObject\",\"inLanguage\":\"es\",\"@id\":\"https:\\\/\\\/controlpresencial.eu\\\/web\\\/#\\\/schema\\\/logo\\\/image\\\/\",\"url\":\"https:\\\/\\\/controlpresencial.eu\\\/web\\\/wp-content\\\/uploads\\\/2023\\\/04\\\/logo-square-1.png\",\"contentUrl\":\"https:\\\/\\\/controlpresencial.eu\\\/web\\\/wp-content\\\/uploads\\\/2023\\\/04\\\/logo-square-1.png\",\"width\":2000,\"height\":607,\"caption\":\"CONTROLPRESENCIAL.EU\"},\"image\":{\"@id\":\"https:\\\/\\\/controlpresencial.eu\\\/web\\\/#\\\/schema\\\/logo\\\/image\\\/\"}}]}<\/script>\n<!-- \/ Yoast SEO plugin. -->","yoast_head_json":{"title":"Videos - CONTROLPRESENCIAL.EU","robots":{"index":"index","follow":"follow","max-snippet":"max-snippet:-1","max-image-preview":"max-image-preview:large","max-video-preview":"max-video-preview:-1"},"canonical":"https:\/\/controlpresencial.eu\/web\/video-tutoriales\/","og_locale":"es_ES","og_type":"article","og_title":"Videos - CONTROLPRESENCIAL.EU","og_description":"CANAL DE YOUTUBE https:\/\/www.youtube.com\/channel\/UCw8tbSDmTsiKoVpNnjjUtYA INTRODUCCI\u00d3N Breve resumen sobre nuestra plataforma y sus 3 aplicaciones. INSTALACI\u00d3N DE LAS APLICACIONES Se muestra como instalar las aplicaciones en los diferentes dispositivos. APLICACI\u00d3N DE ...","og_url":"https:\/\/controlpresencial.eu\/web\/video-tutoriales\/","og_site_name":"CONTROLPRESENCIAL.EU","article_modified_time":"2020-04-27T07:31:56+00:00","twitter_card":"summary_large_image","schema":{"@context":"https:\/\/schema.org","@graph":[{"@type":"WebPage","@id":"https:\/\/controlpresencial.eu\/web\/video-tutoriales\/","url":"https:\/\/controlpresencial.eu\/web\/video-tutoriales\/","name":"Videos - CONTROLPRESENCIAL.EU","isPartOf":{"@id":"https:\/\/controlpresencial.eu\/web\/#website"},"datePublished":"2020-02-09T16:29:01+00:00","dateModified":"2020-04-27T07:31:56+00:00","breadcrumb":{"@id":"https:\/\/controlpresencial.eu\/web\/video-tutoriales\/#breadcrumb"},"inLanguage":"es","potentialAction":[{"@type":"ReadAction","target":["https:\/\/controlpresencial.eu\/web\/video-tutoriales\/"]}]},{"@type":"BreadcrumbList","@id":"https:\/\/controlpresencial.eu\/web\/video-tutoriales\/#breadcrumb","itemListElement":[{"@type":"ListItem","position":1,"name":"Portada","item":"https:\/\/controlpresencial.eu\/web\/"},{"@type":"ListItem","position":2,"name":"Videos"}]},{"@type":"WebSite","@id":"https:\/\/controlpresencial.eu\/web\/#website","url":"https:\/\/controlpresencial.eu\/web\/","name":"CONTROLPRESENCIAL.EU","description":"Control de Presencial","publisher":{"@id":"https:\/\/controlpresencial.eu\/web\/#organization"},"potentialAction":[{"@type":"SearchAction","target":{"@type":"EntryPoint","urlTemplate":"https:\/\/controlpresencial.eu\/web\/?s={search_term_string}"},"query-input":{"@type":"PropertyValueSpecification","valueRequired":true,"valueName":"search_term_string"}}],"inLanguage":"es"},{"@type":"Organization","@id":"https:\/\/controlpresencial.eu\/web\/#organization","name":"CONTROLPRESENCIAL.EU","url":"https:\/\/controlpresencial.eu\/web\/","logo":{"@type":"ImageObject","inLanguage":"es","@id":"https:\/\/controlpresencial.eu\/web\/#\/schema\/logo\/image\/","url":"https:\/\/controlpresencial.eu\/web\/wp-content\/uploads\/2023\/04\/logo-square-1.png","contentUrl":"https:\/\/controlpresencial.eu\/web\/wp-content\/uploads\/2023\/04\/logo-square-1.png","width":2000,"height":607,"caption":"CONTROLPRESENCIAL.EU"},"image":{"@id":"https:\/\/controlpresencial.eu\/web\/#\/schema\/logo\/image\/"}}]}},"uagb_featured_image_src":{"full":false,"thumbnail":false,"medium":false,"medium_large":false,"large":false,"1536x1536":false,"2048x2048":false,"onepress-blog-small":false,"onepress-small":false,"onepress-medium":false},"uagb_author_info":{"display_name":"administrador","author_link":"https:\/\/controlpresencial.eu\/web\/author\/administrador\/"},"uagb_comment_info":0,"uagb_excerpt":"CANAL DE YOUTUBE https:\/\/www.youtube.com\/channel\/UCw8tbSDmTsiKoVpNnjjUtYA INTRODUCCI\u00d3N Breve resumen sobre nuestra plataforma y sus 3 aplicaciones. INSTALACI\u00d3N DE LAS APLICACIONES Se muestra como instalar las aplicaciones en los diferentes dispositivos. APLICACI\u00d3N DE ...","coauthors":[],"author_meta":{"author_link":"https:\/\/controlpresencial.eu\/web\/author\/administrador\/","display_name":"administrador"},"relative_dates":{"created":"Publicado 6 a\u00f1os hace","modified":"Actualizado 6 a\u00f1os hace"},"absolute_dates":{"created":"Publicado el 09\/02\/2020","modified":"Actualizado el 27\/04\/2020"},"absolute_dates_time":{"created":"Publicado el 09\/02\/2020 17:29","modified":"Actualizado el 27\/04\/2020 09:31"},"featured_img_caption":"","featured_img":false,"series_order":"","jetpack_sharing_enabled":true,"_links":{"self":[{"href":"https:\/\/controlpresencial.eu\/web\/wp-json\/wp\/v2\/pages\/784","targetHints":{"allow":["GET"]}}],"collection":[{"href":"https:\/\/controlpresencial.eu\/web\/wp-json\/wp\/v2\/pages"}],"about":[{"href":"https:\/\/controlpresencial.eu\/web\/wp-json\/wp\/v2\/types\/page"}],"author":[{"embeddable":true,"href":"https:\/\/controlpresencial.eu\/web\/wp-json\/wp\/v2\/users\/1"}],"replies":[{"embeddable":true,"href":"https:\/\/controlpresencial.eu\/web\/wp-json\/wp\/v2\/comments?post=784"}],"version-history":[{"count":15,"href":"https:\/\/controlpresencial.eu\/web\/wp-json\/wp\/v2\/pages\/784\/revisions"}],"predecessor-version":[{"id":970,"href":"https:\/\/controlpresencial.eu\/web\/wp-json\/wp\/v2\/pages\/784\/revisions\/970"}],"wp:attachment":[{"href":"https:\/\/controlpresencial.eu\/web\/wp-json\/wp\/v2\/media?parent=784"}],"curies":[{"name":"wp","href":"https:\/\/api.w.org\/{rel}","templated":true}]}}