{"id":597,"date":"2019-09-29T23:09:57","date_gmt":"2019-09-29T21:09:57","guid":{"rendered":"https:\/\/controlpresencial.eu\/wordpress\/?page_id=597"},"modified":"2019-09-29T23:50:21","modified_gmt":"2019-09-29T21:50:21","slug":"crear-recordatorios","status":"publish","type":"page","link":"https:\/\/controlpresencial.eu\/web\/crear-recordatorios\/","title":{"rendered":"C\u00f3mo crear recordatorios"},"content":{"rendered":"\n<p>Es esta p\u00e1gina puedes encontrar informaci\u00f3n sobre c\u00f3mo crear recordatorios en tu calendario para que tu smartphone te avise como si fuese una alarma y no te olvides de realizar los fichajes.<\/p>\n\n\n\n<h3 id=\"kt-adv-heading_6b3ca6-65\" class=\"kt-adv-heading_6b3ca6-65 wp-block-kadence-advancedheading\">ANDROID o IOS y CALENDARIO de GOOGLE<\/h3>\n\n\n\n<p>Puedes consultar la siguiente p\u00e1gina web, en la que encontrar\u00e1s la informaci\u00f3n necesaria.<\/p>\n\n\n\n<p><a href=\"https:\/\/support.google.com\/calendar\/answer\/37115\">https:\/\/support.google.com\/calendar\/answer\/37115<\/a><\/p>\n\n\n\n<h3 id=\"kt-adv-heading_5de5db-13\" class=\"kt-adv-heading_5de5db-13 wp-block-kadence-advancedheading\">IOS y CALENDARIO de IOS<\/h3>\n\n\n\n<p>En el caso que tengas un IPhone o un IPad y uses la aplicaci\u00f3n Calendario de IOS, puedes consultar este enlace:<\/p>\n\n\n\n<p><a href=\"https:\/\/support.apple.com\/es-es\/guide\/iphone\/iph3d110f84\/13.0\/ios\/13.0\">https:\/\/support.apple.com\/es-es\/guide\/iphone\/iph3d110f84\/13.0\/ios\/13.0<\/a><\/p>\n<style class=\"advgb-styles-renderer\">.wp-block-kadence-advancedheading.kt-adv-heading_6b3ca6-65, .wp-block-kadence-advancedheading.kt-adv-heading_6b3ca6-65[data-kb-block=\"kb-adv-heading_6b3ca6-65\"]{font-style:normal;}.wp-block-kadence-advancedheading.kt-adv-heading_6b3ca6-65 mark.kt-highlight, .wp-block-kadence-advancedheading.kt-adv-heading_6b3ca6-65[data-kb-block=\"kb-adv-heading_6b3ca6-65\"] mark.kt-highlight{font-style:normal;color:#f76a0c;-webkit-box-decoration-break:clone;box-decoration-break:clone;padding-top:0px;padding-right:0px;padding-bottom:0px;padding-left:0px;}.wp-block-kadence-advancedheading.kt-adv-heading_6b3ca6-65 img.kb-inline-image, .wp-block-kadence-advancedheading.kt-adv-heading_6b3ca6-65[data-kb-block=\"kb-adv-heading_6b3ca6-65\"] img.kb-inline-image{width:150px;vertical-align:baseline;}.wp-block-kadence-advancedheading.kt-adv-heading_5de5db-13, .wp-block-kadence-advancedheading.kt-adv-heading_5de5db-13[data-kb-block=\"kb-adv-heading_5de5db-13\"]{font-style:normal;}.wp-block-kadence-advancedheading.kt-adv-heading_5de5db-13 mark.kt-highlight, .wp-block-kadence-advancedheading.kt-adv-heading_5de5db-13[data-kb-block=\"kb-adv-heading_5de5db-13\"] mark.kt-highlight{font-style:normal;color:#f76a0c;-webkit-box-decoration-break:clone;box-decoration-break:clone;padding-top:0px;padding-right:0px;padding-bottom:0px;padding-left:0px;}.wp-block-kadence-advancedheading.kt-adv-heading_5de5db-13 img.kb-inline-image, .wp-block-kadence-advancedheading.kt-adv-heading_5de5db-13[data-kb-block=\"kb-adv-heading_5de5db-13\"] img.kb-inline-image{width:150px;vertical-align:baseline;}<\/style>","protected":false},"excerpt":{"rendered":"<p>Es esta p\u00e1gina puedes encontrar informaci\u00f3n sobre c\u00f3mo crear recordatorios en tu calendario para que tu smartphone te avise como si fuese una alarma y no te olvides de realizar &#8230;<\/p>\n","protected":false},"author":1,"featured_media":0,"parent":0,"menu_order":0,"comment_status":"closed","ping_status":"closed","template":"","meta":{"_coblocks_attr":"","_coblocks_dimensions":"","_coblocks_responsive_height":"","_coblocks_accordion_ie_support":"","inline_featured_image":false,"_uag_custom_page_level_css":"","advgb_blocks_editor_width":"","advgb_blocks_columns_visual_guide":"","_monsterinsights_skip_tracking":false,"_monsterinsights_sitenote_active":false,"_monsterinsights_sitenote_note":"","_monsterinsights_sitenote_category":0,"footnotes":""},"class_list":["post-597","page","type-page","status-publish","hentry"],"yoast_head":"<!-- This site is optimized with the Yoast SEO plugin v27.5 - https:\/\/yoast.com\/product\/yoast-seo-wordpress\/ -->\n<title>C\u00f3mo crear recordatorios - CONTROLPRESENCIAL.EU<\/title>\n<meta name=\"robots\" content=\"index, follow, max-snippet:-1, max-image-preview:large, max-video-preview:-1\" \/>\n<link rel=\"canonical\" href=\"https:\/\/controlpresencial.eu\/web\/crear-recordatorios\/\" \/>\n<meta property=\"og:locale\" content=\"es_ES\" \/>\n<meta property=\"og:type\" content=\"article\" \/>\n<meta property=\"og:title\" content=\"C\u00f3mo crear recordatorios - CONTROLPRESENCIAL.EU\" \/>\n<meta property=\"og:description\" content=\"Es esta p\u00e1gina puedes encontrar informaci\u00f3n sobre c\u00f3mo crear recordatorios en tu calendario para que tu smartphone te avise como si fuese una alarma y no te olvides de realizar ...\" \/>\n<meta property=\"og:url\" content=\"https:\/\/controlpresencial.eu\/web\/crear-recordatorios\/\" \/>\n<meta property=\"og:site_name\" content=\"CONTROLPRESENCIAL.EU\" \/>\n<meta property=\"article:modified_time\" content=\"2019-09-29T21:50:21+00:00\" \/>\n<meta name=\"twitter:card\" content=\"summary_large_image\" \/>\n<meta name=\"twitter:label1\" content=\"Tiempo de lectura\" \/>\n\t<meta name=\"twitter:data1\" content=\"1 minuto\" \/>\n<script type=\"application\/ld+json\" class=\"yoast-schema-graph\">{\"@context\":\"https:\\\/\\\/schema.org\",\"@graph\":[{\"@type\":\"WebPage\",\"@id\":\"https:\\\/\\\/controlpresencial.eu\\\/web\\\/crear-recordatorios\\\/\",\"url\":\"https:\\\/\\\/controlpresencial.eu\\\/web\\\/crear-recordatorios\\\/\",\"name\":\"C\u00f3mo crear recordatorios - CONTROLPRESENCIAL.EU\",\"isPartOf\":{\"@id\":\"https:\\\/\\\/controlpresencial.eu\\\/web\\\/#website\"},\"datePublished\":\"2019-09-29T21:09:57+00:00\",\"dateModified\":\"2019-09-29T21:50:21+00:00\",\"breadcrumb\":{\"@id\":\"https:\\\/\\\/controlpresencial.eu\\\/web\\\/crear-recordatorios\\\/#breadcrumb\"},\"inLanguage\":\"es\",\"potentialAction\":[{\"@type\":\"ReadAction\",\"target\":[\"https:\\\/\\\/controlpresencial.eu\\\/web\\\/crear-recordatorios\\\/\"]}]},{\"@type\":\"BreadcrumbList\",\"@id\":\"https:\\\/\\\/controlpresencial.eu\\\/web\\\/crear-recordatorios\\\/#breadcrumb\",\"itemListElement\":[{\"@type\":\"ListItem\",\"position\":1,\"name\":\"Portada\",\"item\":\"https:\\\/\\\/controlpresencial.eu\\\/web\\\/\"},{\"@type\":\"ListItem\",\"position\":2,\"name\":\"C\u00f3mo crear recordatorios\"}]},{\"@type\":\"WebSite\",\"@id\":\"https:\\\/\\\/controlpresencial.eu\\\/web\\\/#website\",\"url\":\"https:\\\/\\\/controlpresencial.eu\\\/web\\\/\",\"name\":\"CONTROLPRESENCIAL.EU\",\"description\":\"Control de Presencial\",\"publisher\":{\"@id\":\"https:\\\/\\\/controlpresencial.eu\\\/web\\\/#organization\"},\"potentialAction\":[{\"@type\":\"SearchAction\",\"target\":{\"@type\":\"EntryPoint\",\"urlTemplate\":\"https:\\\/\\\/controlpresencial.eu\\\/web\\\/?s={search_term_string}\"},\"query-input\":{\"@type\":\"PropertyValueSpecification\",\"valueRequired\":true,\"valueName\":\"search_term_string\"}}],\"inLanguage\":\"es\"},{\"@type\":\"Organization\",\"@id\":\"https:\\\/\\\/controlpresencial.eu\\\/web\\\/#organization\",\"name\":\"CONTROLPRESENCIAL.EU\",\"url\":\"https:\\\/\\\/controlpresencial.eu\\\/web\\\/\",\"logo\":{\"@type\":\"ImageObject\",\"inLanguage\":\"es\",\"@id\":\"https:\\\/\\\/controlpresencial.eu\\\/web\\\/#\\\/schema\\\/logo\\\/image\\\/\",\"url\":\"https:\\\/\\\/controlpresencial.eu\\\/web\\\/wp-content\\\/uploads\\\/2023\\\/04\\\/logo-square-1.png\",\"contentUrl\":\"https:\\\/\\\/controlpresencial.eu\\\/web\\\/wp-content\\\/uploads\\\/2023\\\/04\\\/logo-square-1.png\",\"width\":2000,\"height\":607,\"caption\":\"CONTROLPRESENCIAL.EU\"},\"image\":{\"@id\":\"https:\\\/\\\/controlpresencial.eu\\\/web\\\/#\\\/schema\\\/logo\\\/image\\\/\"}}]}<\/script>\n<!-- \/ Yoast SEO plugin. -->","yoast_head_json":{"title":"C\u00f3mo crear recordatorios - CONTROLPRESENCIAL.EU","robots":{"index":"index","follow":"follow","max-snippet":"max-snippet:-1","max-image-preview":"max-image-preview:large","max-video-preview":"max-video-preview:-1"},"canonical":"https:\/\/controlpresencial.eu\/web\/crear-recordatorios\/","og_locale":"es_ES","og_type":"article","og_title":"C\u00f3mo crear recordatorios - CONTROLPRESENCIAL.EU","og_description":"Es esta p\u00e1gina puedes encontrar informaci\u00f3n sobre c\u00f3mo crear recordatorios en tu calendario para que tu smartphone te avise como si fuese una alarma y no te olvides de realizar ...","og_url":"https:\/\/controlpresencial.eu\/web\/crear-recordatorios\/","og_site_name":"CONTROLPRESENCIAL.EU","article_modified_time":"2019-09-29T21:50:21+00:00","twitter_card":"summary_large_image","twitter_misc":{"Tiempo de lectura":"1 minuto"},"schema":{"@context":"https:\/\/schema.org","@graph":[{"@type":"WebPage","@id":"https:\/\/controlpresencial.eu\/web\/crear-recordatorios\/","url":"https:\/\/controlpresencial.eu\/web\/crear-recordatorios\/","name":"C\u00f3mo crear recordatorios - CONTROLPRESENCIAL.EU","isPartOf":{"@id":"https:\/\/controlpresencial.eu\/web\/#website"},"datePublished":"2019-09-29T21:09:57+00:00","dateModified":"2019-09-29T21:50:21+00:00","breadcrumb":{"@id":"https:\/\/controlpresencial.eu\/web\/crear-recordatorios\/#breadcrumb"},"inLanguage":"es","potentialAction":[{"@type":"ReadAction","target":["https:\/\/controlpresencial.eu\/web\/crear-recordatorios\/"]}]},{"@type":"BreadcrumbList","@id":"https:\/\/controlpresencial.eu\/web\/crear-recordatorios\/#breadcrumb","itemListElement":[{"@type":"ListItem","position":1,"name":"Portada","item":"https:\/\/controlpresencial.eu\/web\/"},{"@type":"ListItem","position":2,"name":"C\u00f3mo crear recordatorios"}]},{"@type":"WebSite","@id":"https:\/\/controlpresencial.eu\/web\/#website","url":"https:\/\/controlpresencial.eu\/web\/","name":"CONTROLPRESENCIAL.EU","description":"Control de Presencial","publisher":{"@id":"https:\/\/controlpresencial.eu\/web\/#organization"},"potentialAction":[{"@type":"SearchAction","target":{"@type":"EntryPoint","urlTemplate":"https:\/\/controlpresencial.eu\/web\/?s={search_term_string}"},"query-input":{"@type":"PropertyValueSpecification","valueRequired":true,"valueName":"search_term_string"}}],"inLanguage":"es"},{"@type":"Organization","@id":"https:\/\/controlpresencial.eu\/web\/#organization","name":"CONTROLPRESENCIAL.EU","url":"https:\/\/controlpresencial.eu\/web\/","logo":{"@type":"ImageObject","inLanguage":"es","@id":"https:\/\/controlpresencial.eu\/web\/#\/schema\/logo\/image\/","url":"https:\/\/controlpresencial.eu\/web\/wp-content\/uploads\/2023\/04\/logo-square-1.png","contentUrl":"https:\/\/controlpresencial.eu\/web\/wp-content\/uploads\/2023\/04\/logo-square-1.png","width":2000,"height":607,"caption":"CONTROLPRESENCIAL.EU"},"image":{"@id":"https:\/\/controlpresencial.eu\/web\/#\/schema\/logo\/image\/"}}]}},"uagb_featured_image_src":{"full":false,"thumbnail":false,"medium":false,"medium_large":false,"large":false,"1536x1536":false,"2048x2048":false,"onepress-blog-small":false,"onepress-small":false,"onepress-medium":false},"uagb_author_info":{"display_name":"administrador","author_link":"https:\/\/controlpresencial.eu\/web\/author\/administrador\/"},"uagb_comment_info":0,"uagb_excerpt":"Es esta p\u00e1gina puedes encontrar informaci\u00f3n sobre c\u00f3mo crear recordatorios en tu calendario para que tu smartphone te avise como si fuese una alarma y no te olvides de realizar ...","coauthors":[],"author_meta":{"author_link":"https:\/\/controlpresencial.eu\/web\/author\/administrador\/","display_name":"administrador"},"relative_dates":{"created":"Publicado 7 a\u00f1os hace","modified":"Actualizado 7 a\u00f1os hace"},"absolute_dates":{"created":"Publicado el 29\/09\/2019","modified":"Actualizado el 29\/09\/2019"},"absolute_dates_time":{"created":"Publicado el 29\/09\/2019 23:09","modified":"Actualizado el 29\/09\/2019 23:50"},"featured_img_caption":"","featured_img":false,"series_order":"","jetpack_sharing_enabled":true,"_links":{"self":[{"href":"https:\/\/controlpresencial.eu\/web\/wp-json\/wp\/v2\/pages\/597","targetHints":{"allow":["GET"]}}],"collection":[{"href":"https:\/\/controlpresencial.eu\/web\/wp-json\/wp\/v2\/pages"}],"about":[{"href":"https:\/\/controlpresencial.eu\/web\/wp-json\/wp\/v2\/types\/page"}],"author":[{"embeddable":true,"href":"https:\/\/controlpresencial.eu\/web\/wp-json\/wp\/v2\/users\/1"}],"replies":[{"embeddable":true,"href":"https:\/\/controlpresencial.eu\/web\/wp-json\/wp\/v2\/comments?post=597"}],"version-history":[{"count":5,"href":"https:\/\/controlpresencial.eu\/web\/wp-json\/wp\/v2\/pages\/597\/revisions"}],"predecessor-version":[{"id":608,"href":"https:\/\/controlpresencial.eu\/web\/wp-json\/wp\/v2\/pages\/597\/revisions\/608"}],"wp:attachment":[{"href":"https:\/\/controlpresencial.eu\/web\/wp-json\/wp\/v2\/media?parent=597"}],"curies":[{"name":"wp","href":"https:\/\/api.w.org\/{rel}","templated":true}]}}